{"id":63,"date":"2021-06-18T19:07:43","date_gmt":"2021-06-18T17:07:43","guid":{"rendered":"https:\/\/ldsolutionpaie.fr\/?page_id=63"},"modified":"2021-12-15T09:08:21","modified_gmt":"2021-12-15T08:08:21","slug":"gestion-de-la-paie","status":"publish","type":"page","link":"https:\/\/ldsolutionpaie.fr\/","title":{"rendered":"GESTION DE LA PAIE"},"content":{"rendered":"\t\t<div data-elementor-type=\"wp-page\" data-elementor-id=\"63\" class=\"elementor elementor-63\">\n\t\t\t\t\t\t<section class=\"elementor-section elementor-top-section elementor-element elementor-element-57549a06 elementor-section-boxed elementor-section-height-default elementor-section-height-default\" data-id=\"57549a06\" data-element_type=\"section\" data-e-type=\"section\">\n\t\t\t\t\t\t<div class=\"elementor-container elementor-column-gap-default\">\n\t\t\t\t\t<div class=\"elementor-column elementor-col-100 elementor-top-column elementor-element elementor-element-1baf9e43\" data-id=\"1baf9e43\" data-element_type=\"column\" data-e-type=\"column\">\n\t\t\t<div class=\"elementor-widget-wrap elementor-element-populated\">\n\t\t\t\t\t\t<div class=\"elementor-element elementor-element-32f396a5 animated-slow elementor-invisible elementor-widget elementor-widget-text-editor\" data-id=\"32f396a5\" data-element_type=\"widget\" data-e-type=\"widget\" data-settings=\"{&quot;_animation&quot;:&quot;fadeIn&quot;}\" data-widget_type=\"text-editor.default\">\n\t\t\t\t<div class=\"elementor-widget-container\">\n\t\t\t\t\t\t\t\t\t\r\n<figure class=\"wp-block-pullquote\">\r\n<blockquote>\r\n<p>La complexit\u00e9 de la Paie occupe tout votre temps ?<br \/>Confiez-en la gestion a un sp\u00e9cialiste !<br \/>Soci\u00e9t\u00e9 d&rsquo;externalisation de la Paie et de Gestion Administrative du Personnel pour les TPE, PME, Collectivit\u00e9s territoriales et cabinets comptables.<\/p>\r\n<\/blockquote>\r\n<\/figure>\r\n\r\n\r\n\r\n<h2 class=\"wp-block-heading\">Paie<\/h2>\r\n\r\n\r\n\r\n<p>Bulletin de Paie, R\u00e9alisation des Charges Sociales, D\u00e9claration DSN, Etats des Charges<\/p>\r\n\r\n\r\n\r\n<h2 class=\"wp-block-heading\">Gestion Administrative du Personnel<\/h2>\r\n\r\n\r\n\r\n<p>D\u00e9claration d&#8217;embauche, Affiliation aux Caisses Retraite et Pr\u00e9voyance, Suivi des Cong\u00e9s Pay\u00e9s, Gestion des Absences (Maladie, Maternit\u00e9, Paternit\u00e9, Accident du Travail) , Visites M\u00e9dicales, Sortie du Salari\u00e9s (Certificat de Travail, Attestation Pole Emploi, Solde de tout compte), DSN \u00c9v\u00e9nementielles.<\/p>\r\n\r\n\r\n\r\n<h2 class=\"wp-block-heading\">Secr\u00e9tariat, Gestion Commerciale et Administration<\/h2>\r\n\r\n\r\n\r\n<p>R\u00e9daction de courrier, Classement, Devis, Factures, Bon de Livraison, suivi des Clients et Fournisseurs<\/p>\r\n\r\n\r\n\r\n<p>R\u00e9alisation d&rsquo;Arr\u00eat\u00e9s (FPT), R\u00e9dactions des contrats (FPT), Elaborations des Mandats et des Titres (FPT)<\/p>\r\n\t\t\t\t\t\t\t\t<\/div>\n\t\t\t\t<\/div>\n\t\t\t\t\t<\/div>\n\t\t<\/div>\n\t\t\t\t\t<\/div>\n\t\t<\/section>\n\t\t\t\t<section class=\"elementor-section elementor-top-section elementor-element elementor-element-000852b elementor-section-boxed elementor-section-height-default elementor-section-height-default\" data-id=\"000852b\" data-element_type=\"section\" data-e-type=\"section\">\n\t\t\t\t\t\t<div class=\"elementor-container elementor-column-gap-default\">\n\t\t\t\t\t<div class=\"elementor-column elementor-col-100 elementor-top-column elementor-element elementor-element-1b281d6\" data-id=\"1b281d6\" data-element_type=\"column\" data-e-type=\"column\">\n\t\t\t<div class=\"elementor-widget-wrap elementor-element-populated\">\n\t\t\t\t\t\t<div class=\"elementor-element elementor-element-4349ace elementor-widget elementor-widget-image\" data-id=\"4349ace\" data-element_type=\"widget\" data-e-type=\"widget\" data-widget_type=\"image.default\">\n\t\t\t\t<div class=\"elementor-widget-container\">\n\t\t\t\t\t\t\t\t\t\t\t\t\t\t\t<img fetchpriority=\"high\" decoding=\"async\" width=\"1024\" height=\"614\" src=\"https:\/\/ldsolutionpaie.fr\/wp-content\/uploads\/2021\/12\/desk-1222899_1920-1024x614.jpg\" class=\"attachment-large size-large wp-image-87\" alt=\"\" srcset=\"https:\/\/ldsolutionpaie.fr\/wp-content\/uploads\/2021\/12\/desk-1222899_1920-1024x614.jpg 1024w, https:\/\/ldsolutionpaie.fr\/wp-content\/uploads\/2021\/12\/desk-1222899_1920-300x180.jpg 300w, https:\/\/ldsolutionpaie.fr\/wp-content\/uploads\/2021\/12\/desk-1222899_1920-768x461.jpg 768w, https:\/\/ldsolutionpaie.fr\/wp-content\/uploads\/2021\/12\/desk-1222899_1920-1536x922.jpg 1536w, https:\/\/ldsolutionpaie.fr\/wp-content\/uploads\/2021\/12\/desk-1222899_1920.jpg 1920w\" sizes=\"(max-width: 1024px) 100vw, 1024px\" \/>\t\t\t\t\t\t\t\t\t\t\t\t\t\t\t<\/div>\n\t\t\t\t<\/div>\n\t\t\t\t\t<\/div>\n\t\t<\/div>\n\t\t\t\t\t<\/div>\n\t\t<\/section>\n\t\t\t\t<\/div>\n\t\t","protected":false},"excerpt":{"rendered":"<p>La complexit\u00e9 de la Paie occupe tout votre temps ?Confiez-en la gestion a un sp\u00e9cialiste !Soci\u00e9t\u00e9 d&rsquo;externalisation de la Paie et de Gestion Administrative du Personnel pour les TPE, PME, Collectivit\u00e9s territoriales et cabinets comptables. Paie Bulletin de Paie, R\u00e9alisation des Charges Sociales, D\u00e9claration DSN, Etats des Charges Gestion Administrative du Personnel D\u00e9claration d&#8217;embauche, Affiliation [&hellip;]<\/p>\n","protected":false},"author":1,"featured_media":0,"parent":0,"menu_order":0,"comment_status":"closed","ping_status":"closed","template":"","meta":{"footnotes":""},"class_list":["post-63","page","type-page","status-publish","hentry"],"_links":{"self":[{"href":"https:\/\/ldsolutionpaie.fr\/index.php\/wp-json\/wp\/v2\/pages\/63","targetHints":{"allow":["GET"]}}],"collection":[{"href":"https:\/\/ldsolutionpaie.fr\/index.php\/wp-json\/wp\/v2\/pages"}],"about":[{"href":"https:\/\/ldsolutionpaie.fr\/index.php\/wp-json\/wp\/v2\/types\/page"}],"author":[{"embeddable":true,"href":"https:\/\/ldsolutionpaie.fr\/index.php\/wp-json\/wp\/v2\/users\/1"}],"replies":[{"embeddable":true,"href":"https:\/\/ldsolutionpaie.fr\/index.php\/wp-json\/wp\/v2\/comments?post=63"}],"version-history":[{"count":16,"href":"https:\/\/ldsolutionpaie.fr\/index.php\/wp-json\/wp\/v2\/pages\/63\/revisions"}],"predecessor-version":[{"id":106,"href":"https:\/\/ldsolutionpaie.fr\/index.php\/wp-json\/wp\/v2\/pages\/63\/revisions\/106"}],"wp:attachment":[{"href":"https:\/\/ldsolutionpaie.fr\/index.php\/wp-json\/wp\/v2\/media?parent=63"}],"curies":[{"name":"wp","href":"https:\/\/api.w.org\/{rel}","templated":true}]}}